{"id":2161,"date":"2025-05-21T12:34:47","date_gmt":"2025-05-21T17:34:47","guid":{"rendered":"https:\/\/publikarte.com.pe\/index.php\/about\/"},"modified":"2025-05-26T11:55:26","modified_gmt":"2025-05-26T16:55:26","slug":"nosotros","status":"publish","type":"page","link":"https:\/\/publikarte.com.pe\/index.php\/nosotros\/","title":{"rendered":"Sobre Nosotros"},"content":{"rendered":"<div class=\"wp-block-uagb-container uagb-block-f90b5c01 alignfull uagb-is-root-container\"><div class=\"uagb-container-inner-blocks-wrap\"><div class=\"wp-block-uagb-advanced-heading uagb-block-a2c96383\"><h1 class=\"uagb-heading-text\">Sobre Nosotros<\/h1><p class=\"uagb-desc-text\"><strong>Publikarte<\/strong> es una empresa dedicada a la <strong>imprenta y publicidad<\/strong>, especializada en ofrecer soluciones creativas y profesionales para todo tipo de proyectos. Dise\u00f1amos, imprimimos y damos vida a tus ideas con productos personalizados, de alta calidad y a precios accesibles. Ya sea para tu negocio, evento o marca personal, estamos listos para ayudarte a destacar.<\/p><\/div><\/div><\/div><div class=\"wp-block-uagb-container uagb-layout-grid uagb-block-96cc2b14 alignfull uagb-is-root-container\"><div class=\"uagb-container-inner-blocks-wrap\"><div class=\"wp-block-uagb-advanced-heading uagb-block-a3e4e806\"><h2 class=\"uagb-heading-text\">Calidad de Impresi\u00f3n &#8211; \u00abImpresiones que dejan huella\u00bb<\/h2><p class=\"uagb-desc-text\">Nos enfocamos en brindarte <strong>resultados de alta calidad<\/strong>, cuidando cada detalle desde el dise\u00f1o hasta la entrega final. En Publikarte, imprimimos m\u00e1s que papel: <strong>impulsamos tu imagen<\/strong>.\u00a0<\/p><\/div>\n\n<div class=\"wp-block-uagb-container uagb-layout-grid uagb-block-3ba89de4\"><div class=\"wp-block-uagb-info-box uagb-block-fa00d0ac uagb-infobox__content-wrap  uagb-infobox-icon-above-title uagb-infobox-image-valign-top wp-block-uagb-info-box--has-margin\"><div class=\"uagb-infobox-margin-wrapper\"><div class=\"uagb-ifb-content\"><div class=\"uagb-ifb-icon-wrap\"><svg xmlns=\"https:\/\/www.w3.org\/2000\/svg\" viewBox=\"0 0 512 512\"><path d=\"M475.6 384.1C469.7 394.3 458.9 400 447.9 400c-5.488 0-11.04-1.406-16.13-4.375l-25.09-14.64l5.379 20.29c3.393 12.81-4.256 25.97-17.08 29.34c-2.064 .5625-4.129 .8125-6.164 .8125c-10.63 0-20.36-7.094-23.21-17.84l-17.74-66.92L288 311.7l.0002 70.5l48.38 48.88c9.338 9.438 9.244 24.62-.1875 33.94C331.5 469.7 325.4 472 319.3 472c-6.193 0-12.39-2.375-17.08-7.125l-14.22-14.37L288 480c0 17.69-14.34 32-32.03 32s-32.03-14.31-32.03-32l-.0002-29.5l-14.22 14.37c-9.322 9.438-24.53 9.5-33.97 .1875c-9.432-9.312-9.525-24.5-.1875-33.94l48.38-48.88L223.1 311.7l-59.87 34.93l-17.74 66.92c-2.848 10.75-12.58 17.84-23.21 17.84c-2.035 0-4.1-.25-6.164-.8125c-12.82-3.375-20.47-16.53-17.08-29.34l5.379-20.29l-25.09 14.64C75.11 398.6 69.56 400 64.07 400c-11.01 0-21.74-5.688-27.69-15.88c-8.932-15.25-3.785-34.84 11.5-43.75l25.96-15.15l-20.33-5.508C40.7 316.3 33.15 303.1 36.62 290.3S53.23 270 66.09 273.4L132 291.3L192.5 256L132 220.7L66.09 238.6c-2.111 .5625-4.225 .8438-6.305 .8438c-10.57 0-20.27-7.031-23.16-17.72C33.15 208.9 40.7 195.8 53.51 192.3l20.33-5.508L47.88 171.6c-15.28-8.906-20.43-28.5-11.5-43.75c8.885-15.28 28.5-20.44 43.81-11.5l25.09 14.64L99.9 110.7C96.51 97.91 104.2 84.75 116.1 81.38C129.9 77.91 142.1 85.63 146.4 98.41l17.74 66.92L223.1 200.3l-.0002-70.5L175.6 80.88C166.3 71.44 166.3 56.25 175.8 46.94C185.2 37.59 200.4 37.72 209.8 47.13l14.22 14.37L223.1 32c0-17.69 14.34-32 32.03-32s32.03 14.31 32.03 32l.0002 29.5l14.22-14.37c9.307-9.406 24.51-9.531 33.97-.1875c9.432 9.312 9.525 24.5 .1875 33.94l-48.38 48.88L288 200.3l59.87-34.93l17.74-66.92c3.395-12.78 16.56-20.5 29.38-17.03c12.82 3.375 20.47 16.53 17.08 29.34l-5.379 20.29l25.09-14.64c15.28-8.906 34.91-3.75 43.81 11.5c8.932 15.25 3.785 34.84-11.5 43.75l-25.96 15.15l20.33 5.508c12.81 3.469 20.37 16.66 16.89 29.44c-2.895 10.69-12.59 17.72-23.16 17.72c-2.08 0-4.193-.2813-6.305-.8438L379.1 220.7L319.5 256l60.46 35.28l65.95-17.87C458.8 270 471.9 277.5 475.4 290.3c3.473 12.78-4.082 25.97-16.89 29.44l-20.33 5.508l25.96 15.15C479.4 349.3 484.5 368.9 475.6 384.1z\"><\/path><\/svg><\/div><div class=\"uagb-ifb-title-wrap\"><h4 class=\"uagb-ifb-title\">Colores reales y vibrantes<\/h4><\/div><p class=\"uagb-ifb-desc\">Lo que ves en pantalla, lo ves en papel. Reproducimos tus dise\u00f1os con fidelidad crom\u00e1tica y excelente resoluci\u00f3n.<\/p><\/div><\/div><\/div>\n\n<div class=\"wp-block-uagb-info-box uagb-block-af8a42c3 uagb-infobox__content-wrap  uagb-infobox-icon-above-title uagb-infobox-image-valign-top wp-block-uagb-info-box--has-margin\"><div class=\"uagb-infobox-margin-wrapper\"><div class=\"uagb-ifb-content\"><div class=\"uagb-ifb-icon-wrap\"><svg xmlns=\"https:\/\/www.w3.org\/2000\/svg\" viewBox=\"0 0 512 512\"><path d=\"M480 128v208c0 97.05-78.95 176-176 176h-37.72c-53.42 0-103.7-20.8-141.4-58.58l-113.1-113.1C3.906 332.5 0 322.2 0 312C0 290.7 17.15 272 40 272c10.23 0 20.47 3.906 28.28 11.72L128 343.4V64c0-17.67 14.33-32 32-32s32 14.33 32 32l.0729 176C192.1 248.8 199.2 256 208 256s16.07-7.164 16.07-16L224 32c0-17.67 14.33-32 32-32s32 14.33 32 32l.0484 208c0 8.836 7.111 16 15.95 16S320 248.8 320 240L320 64c0-17.67 14.33-32 32-32s32 14.33 32 32l.0729 176c0 8.836 7.091 16 15.93 16S416 248.8 416 240V128c0-17.67 14.33-32 32-32S480 110.3 480 128z\"><\/path><\/svg><\/div><div class=\"uagb-ifb-title-wrap\"><h4 class=\"uagb-ifb-title\">Variedad de materiales<\/h4><\/div><p class=\"uagb-ifb-desc\">Ofrecemos impresi\u00f3n en papel, vinil, lona, cart\u00f3n, acr\u00edlico y m\u00e1s, adapt\u00e1ndonos a tus necesidades espec\u00edficas.<\/p><\/div><\/div><\/div>\n\n<div class=\"wp-block-uagb-info-box uagb-block-fda31292 uagb-infobox__content-wrap  uagb-infobox-icon-above-title uagb-infobox-image-valign-top wp-block-uagb-info-box--has-margin\"><div class=\"uagb-infobox-margin-wrapper\"><div class=\"uagb-ifb-content\"><div class=\"uagb-ifb-icon-wrap\"><svg xmlns=\"https:\/\/www.w3.org\/2000\/svg\" viewBox=\"0 0 512 512\"><path d=\"M502.3 159.7l-234-156c-7.987-4.915-16.51-4.96-24.57 0l-234 156C3.714 163.7 0 170.8 0 177.1v155.1c0 7.143 3.714 14.29 9.715 18.29l234 156c7.987 4.915 16.51 4.96 24.57 0l234-156c6-3.999 9.715-11.14 9.715-18.29V177.1c-.001-7.142-3.715-14.29-9.716-18.28zM278 63.13l172.3 114.9-76.86 51.43L278 165.7V63.13zm-44 0v102.6l-95.43 63.72-76.86-51.43L234 63.13zM44 219.1l55.14 36.86L44 292.8v-73.71zm190 229.7L61.71 333.1l76.86-51.43L234 346.3v102.6zm22-140.9l-77.71-52 77.71-52 77.71 52-77.71 52zm22 140.9V346.3l95.43-63.72 76.86 51.43L278 448.8zm190-156l-55.14-36.86L468 219.1v73.71z\"><\/path><\/svg><\/div><div class=\"uagb-ifb-title-wrap\"><h4 class=\"uagb-ifb-title\">Tecnolog\u00eda de punta<\/h4><\/div><p class=\"uagb-ifb-desc\">Usamos equipos modernos y tintas de alta duraci\u00f3n para garantizar acabados n\u00edtidos, brillantes y profesionales.<\/p><\/div><\/div><\/div>\n\n<div class=\"wp-block-uagb-info-box uagb-block-58e06198 uagb-infobox__content-wrap  uagb-infobox-icon-above-title uagb-infobox-image-valign-top wp-block-uagb-info-box--has-margin\"><div class=\"uagb-infobox-margin-wrapper\"><div class=\"uagb-ifb-content\"><div class=\"uagb-ifb-icon-wrap\"><svg xmlns=\"https:\/\/www.w3.org\/2000\/svg\" viewBox=\"0 0 512 512\"><path d=\"M179.2 230.4l102.4 102.4-102.4 102.4L0 256 179.2 76.8l44.8 44.8-25.6 25.6-19.2-19.2-128 128 128 128 51.5-51.5-77.1-76.5 25.6-25.6zM332.8 76.8L230.4 179.2l102.4 102.4 25.6-25.6-77.1-76.5 51.5-51.5 128 128-128 128-19.2-19.2-25.6 25.6 44.8 44.8L512 256 332.8 76.8z\"><\/path><\/svg><\/div><div class=\"uagb-ifb-title-wrap\"><h4 class=\"uagb-ifb-title\">Control de calidad<\/h4><\/div><p class=\"uagb-ifb-desc\">Cada trabajo pasa por una revisi\u00f3n minuciosa antes de entregarse, asegurando que todo salga perfecto y a tiempo.<\/p><\/div><\/div><\/div><\/div><\/div><\/div><div class=\"wp-block-uagb-container uagb-layout-grid uagb-block-f078c05e alignfull uagb-is-root-container\"><div class=\"uagb-container-inner-blocks-wrap\"><div class=\"wp-block-uagb-advanced-heading uagb-block-51999f88\"><h2 class=\"uagb-heading-text\">\u00a1Obtenga las mejores ofertas en dise\u00f1os personalizados!<\/h2><\/div>\n\n<div class=\"wp-block-uagb-buttons uagb-buttons__outer-wrap uagb-btn__default-btn uagb-btn-tablet__default-btn uagb-btn-mobile__default-btn uagb-block-59a9eda1\"><div class=\"uagb-buttons__wrap uagb-buttons-layout-wrap \"><div class=\"wp-block-uagb-buttons-child uagb-buttons__outer-wrap uagb-block-7b8e4b74 wp-block-button\"><div class=\"uagb-button__wrapper\"><a class=\"uagb-buttons-repeater wp-block-button__link\" aria-label=\"\" href=\"#\" rel=\"follow noopener\" target=\"_self\" role=\"button\"><div class=\"uagb-button__link\">Get Started<\/div><span class=\"uagb-button__icon uagb-button__icon-position-after\"><svg xmlns=\"https:\/\/www.w3.org\/2000\/svg\" viewBox=\"0 0 256 512\" aria-hidden=\"true\" focussable=\"false\"><path d=\"M64 448c-8.188 0-16.38-3.125-22.62-9.375c-12.5-12.5-12.5-32.75 0-45.25L178.8 256L41.38 118.6c-12.5-12.5-12.5-32.75 0-45.25s32.75-12.5 45.25 0l160 160c12.5 12.5 12.5 32.75 0 45.25l-160 160C80.38 444.9 72.19 448 64 448z\"><\/path><\/svg><\/span><\/a><\/div><\/div><\/div><\/div><\/div><\/div><div class=\"wp-block-uagb-container uagb-block-2feb6b2f alignfull uagb-is-root-container\"><div class=\"wp-block-uagb-image uagb-block-e9b32d74 wp-block-uagb-image--layout-default wp-block-uagb-image--effect-static wp-block-uagb-image--align-none\"><figure class=\"wp-block-uagb-image__figure\"><img decoding=\"async\" srcset=\"https:\/\/publikarte.com.pe\/wp-content\/uploads\/2022\/06\/graphic05-free-img.png ,https:\/\/publikarte.com.pe\/wp-content\/uploads\/2022\/06\/graphic05-free-img.png 780w, https:\/\/publikarte.com.pe\/wp-content\/uploads\/2022\/06\/graphic05-free-img.png 360w\" sizes=\"auto, (max-width: 480px) 150px\" src=\"https:\/\/publikarte.com.pe\/wp-content\/uploads\/2022\/06\/graphic05-free-img.png\" alt=\"\" class=\"uag-image-2571\" width=\"1929\" height=\"79\" title=\"graphic05-free-img\" loading=\"lazy\" role=\"img\"\/><\/figure><\/div><\/div><div class=\"wp-block-uagb-container uagb-layout-flex uagb-block-b41e27ac alignfull uagb-is-root-container\"><div class=\"uagb-container-inner-blocks-wrap\"><div class=\"wp-block-uagb-container uagb-block-0be98a4a\"><div class=\"wp-block-uagb-info-box uagb-block-be6cec1a uagb-infobox__content-wrap  uagb-infobox-icon-above-title uagb-infobox-image-valign-top\"><div class=\"uagb-ifb-content\"><div class=\"uagb-ifb-title-wrap\"><h3 class=\"uagb-ifb-title\">\u00a1Calidad en impresi\u00f3n!<\/h3><\/div><\/div><\/div>\n\n<div class=\"wp-block-uagb-container uagb-layout-grid uagb-block-38049232\"><div class=\"wp-block-uagb-icon-list uagb-block-738253d6\"><div class=\"uagb-icon-list__wrap\"><div class=\"wp-block-uagb-icon-list-child uagb-block-b1dd4266\"><a target=\"_self\" aria-label=\"Afiches y volantes \" rel=\"noopener noreferrer\" href=\"#\"> <\/a><span class=\"uagb-icon-list__source-wrap\"><svg xmlns=\"https:\/\/www.w3.org\/2000\/svg\" viewBox=\"0 0 512 512\"><path d=\"M0 190.9V185.1C0 115.2 50.52 55.58 119.4 44.1C164.1 36.51 211.4 51.37 244 84.02L256 96L267.1 84.02C300.6 51.37 347 36.51 392.6 44.1C461.5 55.58 512 115.2 512 185.1V190.9C512 232.4 494.8 272.1 464.4 300.4L283.7 469.1C276.2 476.1 266.3 480 256 480C245.7 480 235.8 476.1 228.3 469.1L47.59 300.4C17.23 272.1 .0003 232.4 .0003 190.9L0 190.9z\"><\/path><\/svg><\/span><span class=\"uagb-icon-list__label\">Afiches y volantes <\/span><\/div>\n\n<div class=\"wp-block-uagb-icon-list-child uagb-block-254f4c24\"><a target=\"_self\" aria-label=\"Tr\u00edpticos \" rel=\"noopener noreferrer\" href=\"#\"> <\/a><span class=\"uagb-icon-list__source-wrap\"><svg xmlns=\"https:\/\/www.w3.org\/2000\/svg\" viewBox=\"0 0 512 512\"><path d=\"M0 190.9V185.1C0 115.2 50.52 55.58 119.4 44.1C164.1 36.51 211.4 51.37 244 84.02L256 96L267.1 84.02C300.6 51.37 347 36.51 392.6 44.1C461.5 55.58 512 115.2 512 185.1V190.9C512 232.4 494.8 272.1 464.4 300.4L283.7 469.1C276.2 476.1 266.3 480 256 480C245.7 480 235.8 476.1 228.3 469.1L47.59 300.4C17.23 272.1 .0003 232.4 .0003 190.9L0 190.9z\"><\/path><\/svg><\/span><span class=\"uagb-icon-list__label\">Tr\u00edpticos <\/span><\/div>\n\n<div class=\"wp-block-uagb-icon-list-child uagb-block-8561c6a9\"><a target=\"_self\" aria-label=\"Sellos\" rel=\"noopener noreferrer\" href=\"#\"> <\/a><span class=\"uagb-icon-list__source-wrap\"><svg xmlns=\"https:\/\/www.w3.org\/2000\/svg\" viewBox=\"0 0 512 512\"><path d=\"M0 190.9V185.1C0 115.2 50.52 55.58 119.4 44.1C164.1 36.51 211.4 51.37 244 84.02L256 96L267.1 84.02C300.6 51.37 347 36.51 392.6 44.1C461.5 55.58 512 115.2 512 185.1V190.9C512 232.4 494.8 272.1 464.4 300.4L283.7 469.1C276.2 476.1 266.3 480 256 480C245.7 480 235.8 476.1 228.3 469.1L47.59 300.4C17.23 272.1 .0003 232.4 .0003 190.9L0 190.9z\"><\/path><\/svg><\/span><span class=\"uagb-icon-list__label\">Sellos<\/span><\/div><\/div><\/div>\n\n<div class=\"wp-block-uagb-icon-list uagb-block-800a03d6\"><div class=\"uagb-icon-list__wrap\"><div class=\"wp-block-uagb-icon-list-child uagb-block-4383502e\"><a target=\"_self\" aria-label=\"Gigantograf\u00edas \" rel=\"noopener noreferrer\" href=\"#\"> <\/a><span class=\"uagb-icon-list__source-wrap\"><svg xmlns=\"https:\/\/www.w3.org\/2000\/svg\" viewBox=\"0 0 512 512\"><path d=\"M0 190.9V185.1C0 115.2 50.52 55.58 119.4 44.1C164.1 36.51 211.4 51.37 244 84.02L256 96L267.1 84.02C300.6 51.37 347 36.51 392.6 44.1C461.5 55.58 512 115.2 512 185.1V190.9C512 232.4 494.8 272.1 464.4 300.4L283.7 469.1C276.2 476.1 266.3 480 256 480C245.7 480 235.8 476.1 228.3 469.1L47.59 300.4C17.23 272.1 .0003 232.4 .0003 190.9L0 190.9z\"><\/path><\/svg><\/span><span class=\"uagb-icon-list__label\">Gigantograf\u00edas <\/span><\/div>\n\n<div class=\"wp-block-uagb-icon-list-child uagb-block-65177b70\"><a target=\"_self\" aria-label=\"Letreros luminosos \" rel=\"noopener noreferrer\" href=\"#\"> <\/a><span class=\"uagb-icon-list__source-wrap\"><svg xmlns=\"https:\/\/www.w3.org\/2000\/svg\" viewBox=\"0 0 512 512\"><path d=\"M0 190.9V185.1C0 115.2 50.52 55.58 119.4 44.1C164.1 36.51 211.4 51.37 244 84.02L256 96L267.1 84.02C300.6 51.37 347 36.51 392.6 44.1C461.5 55.58 512 115.2 512 185.1V190.9C512 232.4 494.8 272.1 464.4 300.4L283.7 469.1C276.2 476.1 266.3 480 256 480C245.7 480 235.8 476.1 228.3 469.1L47.59 300.4C17.23 272.1 .0003 232.4 .0003 190.9L0 190.9z\"><\/path><\/svg><\/span><span class=\"uagb-icon-list__label\">Letreros luminosos <\/span><\/div>\n\n<div class=\"wp-block-uagb-icon-list-child uagb-block-5028b6b8\"><a target=\"_self\" aria-label=\"Viniles y Stickers\" rel=\"noopener noreferrer\" href=\"#\"> <\/a><span class=\"uagb-icon-list__source-wrap\"><svg xmlns=\"https:\/\/www.w3.org\/2000\/svg\" viewBox=\"0 0 512 512\"><path d=\"M0 190.9V185.1C0 115.2 50.52 55.58 119.4 44.1C164.1 36.51 211.4 51.37 244 84.02L256 96L267.1 84.02C300.6 51.37 347 36.51 392.6 44.1C461.5 55.58 512 115.2 512 185.1V190.9C512 232.4 494.8 272.1 464.4 300.4L283.7 469.1C276.2 476.1 266.3 480 256 480C245.7 480 235.8 476.1 228.3 469.1L47.59 300.4C17.23 272.1 .0003 232.4 .0003 190.9L0 190.9z\"><\/path><\/svg><\/span><span class=\"uagb-icon-list__label\">Viniles y Stickers<\/span><\/div><\/div><\/div><\/div><\/div>\n\n<div class=\"wp-block-uagb-faq uagb-faq__outer-wrap uagb-block-2267731c uagb-faq-icon-row uagb-faq-layout-accordion uagb-faq-expand-first-false uagb-faq-inactive-other-true uagb-faq__wrap uagb-buttons-layout-wrap uagb-faq-equal-height     \" data-faqtoggle=\"true\" role=\"tablist\"><script type=\"application\/ld+json\">{\"@context\":\"https:\\\/\\\/schema.org\",\"@type\":\"FAQPage\",\"@id\":\"https:\\\/\\\/publikarte.com.pe\\\/index.php\\\/nosotros\\\/\",\"mainEntity\":[{\"@type\":\"Question\",\"name\":\"Hacemos sus ideas realidad\",\"acceptedAnswer\":{\"@type\":\"Answer\",\"text\":\"En Publikarte convertimos tu creatividad en soluciones visuales impactantes. Somos una empresa especializada en <strong>imprenta y publicidad<\\\/strong>, comprometida con dar vida a tus proyectos, desde la idea inicial hasta el producto final.\"}},{\"@type\":\"Question\",\"name\":\"Tus pagos son seguros\",\"acceptedAnswer\":{\"@type\":\"Answer\",\"text\":\"En Publikarte, no solo cuidamos la calidad de tu impresi\\u00f3n y publicidad, tambi\\u00e9n protegemos cada paso de tu experiencia con nosotros. Por eso, implementamos <strong>sistemas de pago confiables, cifrados y verificados<\\\/strong>, para que puedas comprar con total tranquilidad..\"}},{\"@type\":\"Question\",\"name\":\"Grandes ofertas ante el mercado\",\"acceptedAnswer\":{\"@type\":\"Answer\",\"text\":\"En Publikarte sabemos que la calidad no tiene por qu\\u00e9 ser costosa. Por eso, te ofrecemos <strong>precios competitivos y promociones especiales<\\\/strong> en todos nuestros servicios de imprenta y publicidad. Desde tarjetas de presentaci\\u00f3n hasta gigantograf\\u00edas, te brindamos soluciones profesionales al mejor precio..\"}}]}<\/script><div class=\"wp-block-uagb-faq-child uagb-faq-child__outer-wrap uagb-faq-item uagb-block-b62cbd09 \" role=\"tab\" tabindex=\"0\"><div class=\"uagb-faq-questions-button uagb-faq-questions\">\t\t\t<span class=\"uagb-icon uagb-faq-icon-wrap\">\n\t\t\t\t\t\t\t\t<svg xmlns=\"https:\/\/www.w3.org\/2000\/svg\" viewBox= \"0 0 256 512\"><path d=\"M64 448c-8.188 0-16.38-3.125-22.62-9.375c-12.5-12.5-12.5-32.75 0-45.25L178.8 256L41.38 118.6c-12.5-12.5-12.5-32.75 0-45.25s32.75-12.5 45.25 0l160 160c12.5 12.5 12.5 32.75 0 45.25l-160 160C80.38 444.9 72.19 448 64 448z\"><\/path><\/svg>\n\t\t\t\t\t\t\t<\/span>\n\t\t\t\t\t\t<span class=\"uagb-icon-active uagb-faq-icon-wrap\">\n\t\t\t\t\t\t\t\t<svg xmlns=\"https:\/\/www.w3.org\/2000\/svg\" viewBox= \"0 0 256 512\"><path d=\"M64 448c-8.188 0-16.38-3.125-22.62-9.375c-12.5-12.5-12.5-32.75 0-45.25L178.8 256L41.38 118.6c-12.5-12.5-12.5-32.75 0-45.25s32.75-12.5 45.25 0l160 160c12.5 12.5 12.5 32.75 0 45.25l-160 160C80.38 444.9 72.19 448 64 448z\"><\/path><\/svg>\n\t\t\t\t\t\t\t<\/span>\n\t\t\t<span class=\"uagb-question\">Hacemos sus ideas realidad<\/span><\/div><div class=\"uagb-faq-content\"><p>En Publikarte convertimos tu creatividad en soluciones visuales impactantes. Somos una empresa especializada en <strong>imprenta y publicidad<\/strong>, comprometida con dar vida a tus proyectos, desde la idea inicial hasta el producto final.<\/p><\/div><\/div><div class=\"wp-block-uagb-faq-child uagb-faq-child__outer-wrap uagb-faq-item uagb-block-98a2e71c \" role=\"tab\" tabindex=\"0\"><div class=\"uagb-faq-questions-button uagb-faq-questions\">\t\t\t<span class=\"uagb-icon uagb-faq-icon-wrap\">\n\t\t\t\t\t\t\t\t<svg xmlns=\"https:\/\/www.w3.org\/2000\/svg\" viewBox= \"0 0 256 512\"><path d=\"M64 448c-8.188 0-16.38-3.125-22.62-9.375c-12.5-12.5-12.5-32.75 0-45.25L178.8 256L41.38 118.6c-12.5-12.5-12.5-32.75 0-45.25s32.75-12.5 45.25 0l160 160c12.5 12.5 12.5 32.75 0 45.25l-160 160C80.38 444.9 72.19 448 64 448z\"><\/path><\/svg>\n\t\t\t\t\t\t\t<\/span>\n\t\t\t\t\t\t<span class=\"uagb-icon-active uagb-faq-icon-wrap\">\n\t\t\t\t\t\t\t\t<svg xmlns=\"https:\/\/www.w3.org\/2000\/svg\" viewBox= \"0 0 256 512\"><path d=\"M64 448c-8.188 0-16.38-3.125-22.62-9.375c-12.5-12.5-12.5-32.75 0-45.25L178.8 256L41.38 118.6c-12.5-12.5-12.5-32.75 0-45.25s32.75-12.5 45.25 0l160 160c12.5 12.5 12.5 32.75 0 45.25l-160 160C80.38 444.9 72.19 448 64 448z\"><\/path><\/svg>\n\t\t\t\t\t\t\t<\/span>\n\t\t\t<span class=\"uagb-question\">Tus pagos son seguros<\/span><\/div><div class=\"uagb-faq-content\"><p>En Publikarte, no solo cuidamos la calidad de tu impresi\u00f3n y publicidad, tambi\u00e9n protegemos cada paso de tu experiencia con nosotros. Por eso, implementamos <strong>sistemas de pago confiables, cifrados y verificados<\/strong>, para que puedas comprar con total tranquilidad..<\/p><\/div><\/div><div class=\"wp-block-uagb-faq-child uagb-faq-child__outer-wrap uagb-faq-item uagb-block-05928958 \" role=\"tab\" tabindex=\"0\"><div class=\"uagb-faq-questions-button uagb-faq-questions\">\t\t\t<span class=\"uagb-icon uagb-faq-icon-wrap\">\n\t\t\t\t\t\t\t\t<svg xmlns=\"https:\/\/www.w3.org\/2000\/svg\" viewBox= \"0 0 256 512\"><path d=\"M64 448c-8.188 0-16.38-3.125-22.62-9.375c-12.5-12.5-12.5-32.75 0-45.25L178.8 256L41.38 118.6c-12.5-12.5-12.5-32.75 0-45.25s32.75-12.5 45.25 0l160 160c12.5 12.5 12.5 32.75 0 45.25l-160 160C80.38 444.9 72.19 448 64 448z\"><\/path><\/svg>\n\t\t\t\t\t\t\t<\/span>\n\t\t\t\t\t\t<span class=\"uagb-icon-active uagb-faq-icon-wrap\">\n\t\t\t\t\t\t\t\t<svg xmlns=\"https:\/\/www.w3.org\/2000\/svg\" viewBox= \"0 0 256 512\"><path d=\"M64 448c-8.188 0-16.38-3.125-22.62-9.375c-12.5-12.5-12.5-32.75 0-45.25L178.8 256L41.38 118.6c-12.5-12.5-12.5-32.75 0-45.25s32.75-12.5 45.25 0l160 160c12.5 12.5 12.5 32.75 0 45.25l-160 160C80.38 444.9 72.19 448 64 448z\"><\/path><\/svg>\n\t\t\t\t\t\t\t<\/span>\n\t\t\t<span class=\"uagb-question\">Grandes ofertas ante el mercado<\/span><\/div><div class=\"uagb-faq-content\"><p>En Publikarte sabemos que la calidad no tiene por qu\u00e9 ser costosa. Por eso, te ofrecemos <strong>precios competitivos y promociones especiales<\/strong> en todos nuestros servicios de imprenta y publicidad. Desde tarjetas de presentaci\u00f3n hasta gigantograf\u00edas, te brindamos soluciones profesionales al mejor precio..<\/p><\/div><\/div><\/div><\/div><\/div>","protected":false},"excerpt":{"rendered":"<p>Sobre Nosotros Publikarte es una empresa dedicada a la imprenta y publicidad, especializada en ofrecer soluciones creativas y profesionales para todo tipo de proyectos. Dise\u00f1amos, imprimimos y damos vida a tus ideas con productos personalizados, de alta calidad y a precios accesibles. Ya sea para tu negocio, evento o marca personal, estamos listos para ayudarte [&hellip;]<\/p>\n","protected":false},"author":1,"featured_media":0,"parent":0,"menu_order":0,"comment_status":"closed","ping_status":"closed","template":"","meta":{"_uag_custom_page_level_css":"","site-sidebar-layout":"no-sidebar","site-content-layout":"plain-container","ast-site-content-layout":"full-width-container","site-content-style":"unboxed","site-sidebar-style":"unboxed","ast-global-header-display":"","ast-banner-title-visibility":"","ast-main-header-display":"","ast-hfb-above-header-display":"","ast-hfb-below-header-display":"","ast-hfb-mobile-header-display":"","site-post-title":"disabled","ast-breadcrumbs-content":"","ast-featured-img":"disabled","footer-sml-layout":"","theme-transparent-header-meta":"enabled","adv-header-id-meta":"","stick-header-meta":"","header-above-stick-meta":"","header-main-stick-meta":"","header-below-stick-meta":"","astra-migrate-meta-layouts":"set","ast-page-background-enabled":"default","ast-page-background-meta":{"desktop":{"background-color":"","background-image":"","background-repeat":"repeat","background-position":"center center","background-size":"auto","background-attachment":"scroll","background-type":"","background-media":"","overlay-type":"","overlay-color":"","overlay-opacity":"","overlay-gradient":""},"tablet":{"background-color":"","background-image":"","background-repeat":"repeat","background-position":"center center","background-size":"auto","background-attachment":"scroll","background-type":"","background-media":"","overlay-type":"","overlay-color":"","overlay-opacity":"","overlay-gradient":""},"mobile":{"background-color":"","background-image":"","background-repeat":"repeat","background-position":"center center","background-size":"auto","background-attachment":"scroll","background-type":"","background-media":"","overlay-type":"","overlay-color":"","overlay-opacity":"","overlay-gradient":""}},"ast-content-background-meta":{"desktop":{"background-color":"var(--ast-global-color-5)","background-image":"","background-repeat":"repeat","background-position":"center center","background-size":"auto","background-attachment":"scroll","background-type":"","background-media":"","overlay-type":"","overlay-color":"","overlay-opacity":"","overlay-gradient":""},"tablet":{"background-color":"var(--ast-global-color-5)","background-image":"","background-repeat":"repeat","background-position":"center center","background-size":"auto","background-attachment":"scroll","background-type":"","background-media":"","overlay-type":"","overlay-color":"","overlay-opacity":"","overlay-gradient":""},"mobile":{"background-color":"var(--ast-global-color-5)","background-image":"","background-repeat":"repeat","background-position":"center center","background-size":"auto","background-attachment":"scroll","background-type":"","background-media":"","overlay-type":"","overlay-color":"","overlay-opacity":"","overlay-gradient":""}},"footnotes":""},"class_list":["post-2161","page","type-page","status-publish","hentry"],"uagb_featured_image_src":{"full":false,"thumbnail":false,"medium":false,"medium_large":false,"large":false,"1536x1536":false,"2048x2048":false,"woocommerce_thumbnail":false,"woocommerce_single":false,"woocommerce_gallery_thumbnail":false},"uagb_author_info":{"display_name":"Publikarte","author_link":"https:\/\/publikarte.com.pe\/index.php\/author\/publikarte\/"},"uagb_comment_info":0,"uagb_excerpt":"Sobre Nosotros Publikarte es una empresa dedicada a la imprenta y publicidad, especializada en ofrecer soluciones creativas y profesionales para todo tipo de proyectos. Dise\u00f1amos, imprimimos y damos vida a tus ideas con productos personalizados, de alta calidad y a precios accesibles. Ya sea para tu negocio, evento o marca personal, estamos listos para ayudarte&hellip;","_links":{"self":[{"href":"https:\/\/publikarte.com.pe\/index.php\/wp-json\/wp\/v2\/pages\/2161","targetHints":{"allow":["GET"]}}],"collection":[{"href":"https:\/\/publikarte.com.pe\/index.php\/wp-json\/wp\/v2\/pages"}],"about":[{"href":"https:\/\/publikarte.com.pe\/index.php\/wp-json\/wp\/v2\/types\/page"}],"author":[{"embeddable":true,"href":"https:\/\/publikarte.com.pe\/index.php\/wp-json\/wp\/v2\/users\/1"}],"replies":[{"embeddable":true,"href":"https:\/\/publikarte.com.pe\/index.php\/wp-json\/wp\/v2\/comments?post=2161"}],"version-history":[{"count":5,"href":"https:\/\/publikarte.com.pe\/index.php\/wp-json\/wp\/v2\/pages\/2161\/revisions"}],"predecessor-version":[{"id":3671,"href":"https:\/\/publikarte.com.pe\/index.php\/wp-json\/wp\/v2\/pages\/2161\/revisions\/3671"}],"wp:attachment":[{"href":"https:\/\/publikarte.com.pe\/index.php\/wp-json\/wp\/v2\/media?parent=2161"}],"curies":[{"name":"wp","href":"https:\/\/api.w.org\/{rel}","templated":true}]}}