{"id":3774,"date":"2025-05-28T19:19:08","date_gmt":"2025-05-29T00:19:08","guid":{"rendered":"https:\/\/publikarte.com.pe\/?post_type=product&#038;p=3774"},"modified":"2025-05-28T19:19:30","modified_gmt":"2025-05-29T00:19:30","slug":"parante-negro","status":"publish","type":"product","link":"https:\/\/publikarte.com.pe\/index.php\/product\/parante-negro\/","title":{"rendered":"Parante negro"},"content":{"rendered":"<p>Estructuras met\u00e1licas ideales para sostener banners, lonas o afiches. Color negro, dise\u00f1o elegante y f\u00e1cil de armar. Perfectos para eventos, ferias o exhibiciones en puntos de venta.<\/p>\n<p>&nbsp;<\/p>\n<p><strong> S\/ 80 soles<\/strong><\/p>\n","protected":false},"excerpt":{"rendered":"<p><strong>S\/ 80 soles<\/strong><\/p>\n","protected":false},"featured_media":3773,"comment_status":"open","ping_status":"closed","template":"","meta":{"_uag_custom_page_level_css":"","site-sidebar-layout":"default","site-content-layout":"","ast-site-content-layout":"default","site-content-style":"default","site-sidebar-style":"default","ast-global-header-display":"","ast-banner-title-visibility":"","ast-main-header-display":"","ast-hfb-above-header-display":"","ast-hfb-below-header-display":"","ast-hfb-mobile-header-display":"","site-post-title":"","ast-breadcrumbs-content":"","ast-featured-img":"","footer-sml-layout":"","theme-transparent-header-meta":"default","adv-header-id-meta":"","stick-header-meta":"","header-above-stick-meta":"","header-main-stick-meta":"","header-below-stick-meta":"","astra-migrate-meta-layouts":"set","ast-page-background-enabled":"default","ast-page-background-meta":{"desktop":{"background-color":"","background-image":"","background-repeat":"repeat","background-position":"center center","background-size":"auto","background-attachment":"scroll","background-type":"","background-media":"","overlay-type":"","overlay-color":"","overlay-opacity":"","overlay-gradient":""},"tablet":{"background-color":"","background-image":"","background-repeat":"repeat","background-position":"center center","background-size":"auto","background-attachment":"scroll","background-type":"","background-media":"","overlay-type":"","overlay-color":"","overlay-opacity":"","overlay-gradient":""},"mobile":{"background-color":"","background-image":"","background-repeat":"repeat","background-position":"center center","background-size":"auto","background-attachment":"scroll","background-type":"","background-media":"","overlay-type":"","overlay-color":"","overlay-opacity":"","overlay-gradient":""}},"ast-content-background-meta":{"desktop":{"background-color":"var(--ast-global-color-5)","background-image":"","background-repeat":"repeat","background-position":"center center","background-size":"auto","background-attachment":"scroll","background-type":"","background-media":"","overlay-type":"","overlay-color":"","overlay-opacity":"","overlay-gradient":""},"tablet":{"background-color":"var(--ast-global-color-5)","background-image":"","background-repeat":"repeat","background-position":"center center","background-size":"auto","background-attachment":"scroll","background-type":"","background-media":"","overlay-type":"","overlay-color":"","overlay-opacity":"","overlay-gradient":""},"mobile":{"background-color":"var(--ast-global-color-5)","background-image":"","background-repeat":"repeat","background-position":"center center","background-size":"auto","background-attachment":"scroll","background-type":"","background-media":"","overlay-type":"","overlay-color":"","overlay-opacity":"","overlay-gradient":""}}},"product_brand":[],"product_cat":[39],"product_tag":[],"class_list":{"0":"post-3774","1":"product","2":"type-product","3":"status-publish","4":"has-post-thumbnail","6":"product_cat-black-parantes","7":"desktop-align-center","8":"tablet-align-center","9":"mobile-align-center","11":"first","12":"instock","13":"shipping-taxable","14":"purchasable","15":"product-type-simple"},"uagb_featured_image_src":{"full":["https:\/\/publikarte.com.pe\/wp-content\/uploads\/2025\/05\/images-10.jpeg",209,241,false],"thumbnail":["https:\/\/publikarte.com.pe\/wp-content\/uploads\/2025\/05\/images-10-150x150.jpeg",150,150,true],"medium":["https:\/\/publikarte.com.pe\/wp-content\/uploads\/2025\/05\/images-10.jpeg",209,241,false],"medium_large":["https:\/\/publikarte.com.pe\/wp-content\/uploads\/2025\/05\/images-10.jpeg",209,241,false],"large":["https:\/\/publikarte.com.pe\/wp-content\/uploads\/2025\/05\/images-10.jpeg",209,241,false],"1536x1536":["https:\/\/publikarte.com.pe\/wp-content\/uploads\/2025\/05\/images-10.jpeg",209,241,false],"2048x2048":["https:\/\/publikarte.com.pe\/wp-content\/uploads\/2025\/05\/images-10.jpeg",209,241,false],"woocommerce_thumbnail":["https:\/\/publikarte.com.pe\/wp-content\/uploads\/2025\/05\/images-10.jpeg",209,241,false],"woocommerce_single":["https:\/\/publikarte.com.pe\/wp-content\/uploads\/2025\/05\/images-10.jpeg",209,241,false],"woocommerce_gallery_thumbnail":["https:\/\/publikarte.com.pe\/wp-content\/uploads\/2025\/05\/images-10-100x100.jpeg",100,100,true]},"uagb_author_info":{"display_name":"Publikarte","author_link":"https:\/\/publikarte.com.pe\/index.php\/author\/"},"uagb_comment_info":0,"uagb_excerpt":"S\/ 80 soles","_links":{"self":[{"href":"https:\/\/publikarte.com.pe\/index.php\/wp-json\/wp\/v2\/product\/3774","targetHints":{"allow":["GET"]}}],"collection":[{"href":"https:\/\/publikarte.com.pe\/index.php\/wp-json\/wp\/v2\/product"}],"about":[{"href":"https:\/\/publikarte.com.pe\/index.php\/wp-json\/wp\/v2\/types\/product"}],"replies":[{"embeddable":true,"href":"https:\/\/publikarte.com.pe\/index.php\/wp-json\/wp\/v2\/comments?post=3774"}],"wp:featuredmedia":[{"embeddable":true,"href":"https:\/\/publikarte.com.pe\/index.php\/wp-json\/wp\/v2\/media\/3773"}],"wp:attachment":[{"href":"https:\/\/publikarte.com.pe\/index.php\/wp-json\/wp\/v2\/media?parent=3774"}],"wp:term":[{"taxonomy":"product_brand","embeddable":true,"href":"https:\/\/publikarte.com.pe\/index.php\/wp-json\/wp\/v2\/product_brand?post=3774"},{"taxonomy":"product_cat","embeddable":true,"href":"https:\/\/publikarte.com.pe\/index.php\/wp-json\/wp\/v2\/product_cat?post=3774"},{"taxonomy":"product_tag","embeddable":true,"href":"https:\/\/publikarte.com.pe\/index.php\/wp-json\/wp\/v2\/product_tag?post=3774"}],"curies":[{"name":"wp","href":"https:\/\/api.w.org\/{rel}","templated":true}]}}