{"id":3778,"date":"2025-05-28T19:28:00","date_gmt":"2025-05-29T00:28:00","guid":{"rendered":"https:\/\/publikarte.com.pe\/?post_type=product&#038;p=3778"},"modified":"2025-05-28T19:28:01","modified_gmt":"2025-05-29T00:28:01","slug":"modulos-publicitarios","status":"publish","type":"product","link":"https:\/\/publikarte.com.pe\/index.php\/product\/modulos-publicitarios\/","title":{"rendered":"M\u00f3dulos Publicitarios"},"content":{"rendered":"<p>Estructura liviana, pr\u00e1ctica y personalizable. Ideal para promociones, activaciones de marca y ferias. F\u00e1cil de armar, transportar y reutilizar. \u00a1Lleva tu publicidad a otro nivel con presencia profesional!<\/p>\n<p>&nbsp;<\/p>\n<p><strong>S\/ 320 soles<\/strong><\/p>\n","protected":false},"excerpt":{"rendered":"<p><strong>S\/ 320 soles<\/strong><\/p>\n","protected":false},"featured_media":3779,"comment_status":"open","ping_status":"closed","template":"","meta":{"_uag_custom_page_level_css":"","site-sidebar-layout":"default","site-content-layout":"","ast-site-content-layout":"default","site-content-style":"default","site-sidebar-style":"default","ast-global-header-display":"","ast-banner-title-visibility":"","ast-main-header-display":"","ast-hfb-above-header-display":"","ast-hfb-below-header-display":"","ast-hfb-mobile-header-display":"","site-post-title":"","ast-breadcrumbs-content":"","ast-featured-img":"","footer-sml-layout":"","theme-transparent-header-meta":"default","adv-header-id-meta":"","stick-header-meta":"","header-above-stick-meta":"","header-main-stick-meta":"","header-below-stick-meta":"","astra-migrate-meta-layouts":"set","ast-page-background-enabled":"default","ast-page-background-meta":{"desktop":{"background-color":"","background-image":"","background-repeat":"repeat","background-position":"center center","background-size":"auto","background-attachment":"scroll","background-type":"","background-media":"","overlay-type":"","overlay-color":"","overlay-opacity":"","overlay-gradient":""},"tablet":{"background-color":"","background-image":"","background-repeat":"repeat","background-position":"center center","background-size":"auto","background-attachment":"scroll","background-type":"","background-media":"","overlay-type":"","overlay-color":"","overlay-opacity":"","overlay-gradient":""},"mobile":{"background-color":"","background-image":"","background-repeat":"repeat","background-position":"center center","background-size":"auto","background-attachment":"scroll","background-type":"","background-media":"","overlay-type":"","overlay-color":"","overlay-opacity":"","overlay-gradient":""}},"ast-content-background-meta":{"desktop":{"background-color":"var(--ast-global-color-5)","background-image":"","background-repeat":"repeat","background-position":"center center","background-size":"auto","background-attachment":"scroll","background-type":"","background-media":"","overlay-type":"","overlay-color":"","overlay-opacity":"","overlay-gradient":""},"tablet":{"background-color":"var(--ast-global-color-5)","background-image":"","background-repeat":"repeat","background-position":"center center","background-size":"auto","background-attachment":"scroll","background-type":"","background-media":"","overlay-type":"","overlay-color":"","overlay-opacity":"","overlay-gradient":""},"mobile":{"background-color":"var(--ast-global-color-5)","background-image":"","background-repeat":"repeat","background-position":"center center","background-size":"auto","background-attachment":"scroll","background-type":"","background-media":"","overlay-type":"","overlay-color":"","overlay-opacity":"","overlay-gradient":""}}},"product_brand":[],"product_cat":[40],"product_tag":[],"class_list":{"0":"post-3778","1":"product","2":"type-product","3":"status-publish","4":"has-post-thumbnail","6":"product_cat-modules","7":"desktop-align-center","8":"tablet-align-center","9":"mobile-align-center","11":"first","12":"instock","13":"sale","14":"shipping-taxable","15":"purchasable","16":"product-type-simple"},"uagb_featured_image_src":{"full":["https:\/\/publikarte.com.pe\/wp-content\/uploads\/2025\/05\/modulos.jpg",1200,1200,false],"thumbnail":["https:\/\/publikarte.com.pe\/wp-content\/uploads\/2025\/05\/modulos-150x150.jpg",150,150,true],"medium":["https:\/\/publikarte.com.pe\/wp-content\/uploads\/2025\/05\/modulos-300x300.jpg",300,300,true],"medium_large":["https:\/\/publikarte.com.pe\/wp-content\/uploads\/2025\/05\/modulos-768x768.jpg",768,768,true],"large":["https:\/\/publikarte.com.pe\/wp-content\/uploads\/2025\/05\/modulos-1024x1024.jpg",1024,1024,true],"1536x1536":["https:\/\/publikarte.com.pe\/wp-content\/uploads\/2025\/05\/modulos.jpg",1200,1200,false],"2048x2048":["https:\/\/publikarte.com.pe\/wp-content\/uploads\/2025\/05\/modulos.jpg",1200,1200,false],"woocommerce_thumbnail":["https:\/\/publikarte.com.pe\/wp-content\/uploads\/2025\/05\/modulos-300x300.jpg",300,300,true],"woocommerce_single":["https:\/\/publikarte.com.pe\/wp-content\/uploads\/2025\/05\/modulos-600x600.jpg",600,600,true],"woocommerce_gallery_thumbnail":["https:\/\/publikarte.com.pe\/wp-content\/uploads\/2025\/05\/modulos-100x100.jpg",100,100,true]},"uagb_author_info":{"display_name":"Publikarte","author_link":"https:\/\/publikarte.com.pe\/index.php\/author\/"},"uagb_comment_info":0,"uagb_excerpt":"S\/ 320 soles","_links":{"self":[{"href":"https:\/\/publikarte.com.pe\/index.php\/wp-json\/wp\/v2\/product\/3778","targetHints":{"allow":["GET"]}}],"collection":[{"href":"https:\/\/publikarte.com.pe\/index.php\/wp-json\/wp\/v2\/product"}],"about":[{"href":"https:\/\/publikarte.com.pe\/index.php\/wp-json\/wp\/v2\/types\/product"}],"replies":[{"embeddable":true,"href":"https:\/\/publikarte.com.pe\/index.php\/wp-json\/wp\/v2\/comments?post=3778"}],"wp:featuredmedia":[{"embeddable":true,"href":"https:\/\/publikarte.com.pe\/index.php\/wp-json\/wp\/v2\/media\/3779"}],"wp:attachment":[{"href":"https:\/\/publikarte.com.pe\/index.php\/wp-json\/wp\/v2\/media?parent=3778"}],"wp:term":[{"taxonomy":"product_brand","embeddable":true,"href":"https:\/\/publikarte.com.pe\/index.php\/wp-json\/wp\/v2\/product_brand?post=3778"},{"taxonomy":"product_cat","embeddable":true,"href":"https:\/\/publikarte.com.pe\/index.php\/wp-json\/wp\/v2\/product_cat?post=3778"},{"taxonomy":"product_tag","embeddable":true,"href":"https:\/\/publikarte.com.pe\/index.php\/wp-json\/wp\/v2\/product_tag?post=3778"}],"curies":[{"name":"wp","href":"https:\/\/api.w.org\/{rel}","templated":true}]}}